{"id":635,"date":"2023-08-17T16:22:56","date_gmt":"2023-08-17T22:22:56","guid":{"rendered":"https:\/\/belfegor.com.mx\/?post_type=product&#038;p=635"},"modified":"2023-08-17T16:31:13","modified_gmt":"2023-08-17T22:31:13","slug":"aretes-patito-de-hule","status":"publish","type":"product","link":"https:\/\/belfegor.com.mx\/index.php\/producto\/aretes-patito-de-hule\/","title":{"rendered":"Aretes Patito de hule"},"content":{"rendered":"<p>Aretes hechos a mano, patito de vidrio con cristales checos en color naranja y verde, gancho met\u00e1lico, 4.5 cm de largo.<\/p>\n<p>Cuidados: No mojar, no usar en ambientes muy h\u00famedos, no limpiar con qu\u00edmicos, sensibles al sudor.<\/p>\n","protected":false},"excerpt":{"rendered":"<p>Aretes hechos a mano, patito de vidrio con cristales checos en color naranja y verde, gancho met\u00e1lico, 4.5 cm de largo. Cuidados: No mojar, no usar en ambientes muy h\u00famedos, no limpiar con qu\u00edmicos, sensibles al sudor.<\/p>\n","protected":false},"featured_media":641,"comment_status":"open","ping_status":"closed","template":"","meta":[],"product_cat":[20,29],"product_tag":[28,30],"_links":{"self":[{"href":"https:\/\/belfegor.com.mx\/index.php\/wp-json\/wp\/v2\/product\/635"}],"collection":[{"href":"https:\/\/belfegor.com.mx\/index.php\/wp-json\/wp\/v2\/product"}],"about":[{"href":"https:\/\/belfegor.com.mx\/index.php\/wp-json\/wp\/v2\/types\/product"}],"replies":[{"embeddable":true,"href":"https:\/\/belfegor.com.mx\/index.php\/wp-json\/wp\/v2\/comments?post=635"}],"wp:featuredmedia":[{"embeddable":true,"href":"https:\/\/belfegor.com.mx\/index.php\/wp-json\/wp\/v2\/media\/641"}],"wp:attachment":[{"href":"https:\/\/belfegor.com.mx\/index.php\/wp-json\/wp\/v2\/media?parent=635"}],"wp:term":[{"taxonomy":"product_cat","embeddable":true,"href":"https:\/\/belfegor.com.mx\/index.php\/wp-json\/wp\/v2\/product_cat?post=635"},{"taxonomy":"product_tag","embeddable":true,"href":"https:\/\/belfegor.com.mx\/index.php\/wp-json\/wp\/v2\/product_tag?post=635"}],"curies":[{"name":"wp","href":"https:\/\/api.w.org\/{rel}","templated":true}]}}