{"id":642,"date":"2023-08-17T16:38:02","date_gmt":"2023-08-17T22:38:02","guid":{"rendered":"https:\/\/belfegor.com.mx\/?post_type=product&#038;p=642"},"modified":"2023-08-17T16:39:55","modified_gmt":"2023-08-17T22:39:55","slug":"baphomet","status":"publish","type":"product","link":"https:\/\/belfegor.com.mx\/index.php\/producto\/baphomet\/","title":{"rendered":"Baphomet"},"content":{"rendered":"<p>Aretes met\u00e1licos Baphomet, 4.5 cm de di\u00e1metro.<\/p>\n<p>Cuidados: No mojar, cuidar del sudor y la humedad. No limpiar con qu\u00edmicos.<\/p>\n","protected":false},"excerpt":{"rendered":"<p>Aretes met\u00e1licos Baphomet, 4.5 cm de di\u00e1metro. Cuidados: No mojar, cuidar del sudor y la humedad. No limpiar con qu\u00edmicos.<\/p>\n","protected":false},"featured_media":643,"comment_status":"open","ping_status":"closed","template":"","meta":[],"product_cat":[20,29],"product_tag":[28,30],"_links":{"self":[{"href":"https:\/\/belfegor.com.mx\/index.php\/wp-json\/wp\/v2\/product\/642"}],"collection":[{"href":"https:\/\/belfegor.com.mx\/index.php\/wp-json\/wp\/v2\/product"}],"about":[{"href":"https:\/\/belfegor.com.mx\/index.php\/wp-json\/wp\/v2\/types\/product"}],"replies":[{"embeddable":true,"href":"https:\/\/belfegor.com.mx\/index.php\/wp-json\/wp\/v2\/comments?post=642"}],"wp:featuredmedia":[{"embeddable":true,"href":"https:\/\/belfegor.com.mx\/index.php\/wp-json\/wp\/v2\/media\/643"}],"wp:attachment":[{"href":"https:\/\/belfegor.com.mx\/index.php\/wp-json\/wp\/v2\/media?parent=642"}],"wp:term":[{"taxonomy":"product_cat","embeddable":true,"href":"https:\/\/belfegor.com.mx\/index.php\/wp-json\/wp\/v2\/product_cat?post=642"},{"taxonomy":"product_tag","embeddable":true,"href":"https:\/\/belfegor.com.mx\/index.php\/wp-json\/wp\/v2\/product_tag?post=642"}],"curies":[{"name":"wp","href":"https:\/\/api.w.org\/{rel}","templated":true}]}}