{"id":647,"date":"2023-08-17T17:02:29","date_gmt":"2023-08-17T23:02:29","guid":{"rendered":"https:\/\/belfegor.com.mx\/?post_type=product&#038;p=647"},"modified":"2023-08-17T17:07:04","modified_gmt":"2023-08-17T23:07:04","slug":"halloween-pumkin","status":"publish","type":"product","link":"https:\/\/belfegor.com.mx\/index.php\/producto\/halloween-pumkin\/","title":{"rendered":"Halloween pumkin"},"content":{"rendered":"<p>Aretes hechos a mano, calabaza de metal pintada, cristales checos negro y naranja, gancho met\u00e1lico, 4.6 cm de di\u00e1metro.<\/p>\n<p>Cuidados: no mojar, no limpiar qu\u00edmicos ni exponer a temperaturas extremas.<\/p>\n","protected":false},"excerpt":{"rendered":"<p>Aretes hechos a mano, calabaza de metal pintada, cristales checos negro y naranja, gancho met\u00e1lico, 4.6 cm de di\u00e1metro. Cuidados: no mojar, no limpiar qu\u00edmicos ni exponer a temperaturas extremas.<\/p>\n","protected":false},"featured_media":649,"comment_status":"open","ping_status":"closed","template":"","meta":[],"product_cat":[20,29],"product_tag":[28,30],"_links":{"self":[{"href":"https:\/\/belfegor.com.mx\/index.php\/wp-json\/wp\/v2\/product\/647"}],"collection":[{"href":"https:\/\/belfegor.com.mx\/index.php\/wp-json\/wp\/v2\/product"}],"about":[{"href":"https:\/\/belfegor.com.mx\/index.php\/wp-json\/wp\/v2\/types\/product"}],"replies":[{"embeddable":true,"href":"https:\/\/belfegor.com.mx\/index.php\/wp-json\/wp\/v2\/comments?post=647"}],"wp:featuredmedia":[{"embeddable":true,"href":"https:\/\/belfegor.com.mx\/index.php\/wp-json\/wp\/v2\/media\/649"}],"wp:attachment":[{"href":"https:\/\/belfegor.com.mx\/index.php\/wp-json\/wp\/v2\/media?parent=647"}],"wp:term":[{"taxonomy":"product_cat","embeddable":true,"href":"https:\/\/belfegor.com.mx\/index.php\/wp-json\/wp\/v2\/product_cat?post=647"},{"taxonomy":"product_tag","embeddable":true,"href":"https:\/\/belfegor.com.mx\/index.php\/wp-json\/wp\/v2\/product_tag?post=647"}],"curies":[{"name":"wp","href":"https:\/\/api.w.org\/{rel}","templated":true}]}}